{"id":51,"date":"2022-10-16T14:10:47","date_gmt":"2022-10-16T12:10:47","guid":{"rendered":"https:\/\/respectmotherearth.com\/?page_id=51"},"modified":"2022-10-17T11:20:07","modified_gmt":"2022-10-17T09:20:07","slug":"links","status":"publish","type":"page","link":"https:\/\/respectmotherearth.com\/en\/links\/","title":{"rendered":"Links"},"content":{"rendered":"<div data-elementor-type=\"wp-page\" data-elementor-id=\"51\" class=\"elementor elementor-51\" data-elementor-post-type=\"page\">\n\t\t\t\t\t\t<section class=\"elementor-section elementor-top-section elementor-element elementor-element-6bc24c48 elementor-section-full_width elementor-section-height-min-height elementor-section-items-stretch elementor-section-height-default\" data-id=\"6bc24c48\" data-element_type=\"section\" data-settings=\"{&quot;background_background&quot;:&quot;classic&quot;,&quot;jet_parallax_layout_list&quot;:[]}\">\n\t\t\t\t\t\t<div class=\"elementor-container elementor-column-gap-default\">\n\t\t\t\t\t<div class=\"elementor-column elementor-col-50 elementor-top-column elementor-element elementor-element-6f0bb938\" data-id=\"6f0bb938\" data-element_type=\"column\" data-settings=\"{&quot;background_background&quot;:&quot;classic&quot;}\">\n\t\t\t<div class=\"elementor-widget-wrap elementor-element-populated\">\n\t\t\t\t\t\t<div class=\"elementor-element elementor-element-5b37155d elementor-widget elementor-widget-spacer\" data-id=\"5b37155d\" data-element_type=\"widget\" data-widget_type=\"spacer.default\">\n\t\t\t\t<div class=\"elementor-widget-container\">\n\t\t\t\t\t<div class=\"elementor-spacer\">\n\t\t\t<div class=\"elementor-spacer-inner\"><\/div>\n\t\t<\/div>\n\t\t\t\t<\/div>\n\t\t\t\t<\/div>\n\t\t\t\t\t<\/div>\n\t\t<\/div>\n\t\t\t\t<div class=\"elementor-column elementor-col-50 elementor-top-column elementor-element elementor-element-66e07916\" data-id=\"66e07916\" data-element_type=\"column\" data-settings=\"{&quot;background_background&quot;:&quot;classic&quot;}\">\n\t\t\t<div class=\"elementor-widget-wrap elementor-element-populated\">\n\t\t\t\t\t\t<section class=\"elementor-section elementor-inner-section elementor-element elementor-element-39006da0 elementor-section-full_width elementor-section-height-default elementor-section-height-default\" data-id=\"39006da0\" data-element_type=\"section\" data-settings=\"{&quot;jet_parallax_layout_list&quot;:[]}\">\n\t\t\t\t\t\t<div class=\"elementor-container elementor-column-gap-default\">\n\t\t\t\t\t<div class=\"elementor-column elementor-col-100 elementor-inner-column elementor-element elementor-element-2fc06427\" data-id=\"2fc06427\" data-element_type=\"column\">\n\t\t\t<div class=\"elementor-widget-wrap elementor-element-populated\">\n\t\t\t\t\t\t<div class=\"elementor-element elementor-element-5cb83591 elementor-invisible elementor-widget elementor-widget-heading\" data-id=\"5cb83591\" data-element_type=\"widget\" data-settings=\"{&quot;_animation&quot;:&quot;fadeInUp&quot;}\" data-widget_type=\"heading.default\">\n\t\t\t\t<div class=\"elementor-widget-container\">\n\t\t\t<h2 class=\"elementor-heading-title elementor-size-large\">Links<\/h2>\t\t<\/div>\n\t\t\t\t<\/div>\n\t\t\t\t<div class=\"elementor-element elementor-element-21f3ac1c elementor-invisible elementor-widget elementor-widget-text-editor\" data-id=\"21f3ac1c\" data-element_type=\"widget\" data-settings=\"{&quot;_animation&quot;:&quot;fadeIn&quot;}\" data-widget_type=\"text-editor.default\">\n\t\t\t\t<div class=\"elementor-widget-container\">\n\t\t\t\t\t\t\t<p>Here you will find links to further information, organizations or initiatives that we at RespectMotherEarth support.<\/p><p>The problems are immense, and so are the solutions.<\/p>\t\t\t\t\t\t<\/div>\n\t\t\t\t<\/div>\n\t\t\t\t\t<\/div>\n\t\t<\/div>\n\t\t\t\t\t<\/div>\n\t\t<\/section>\n\t\t\t\t\t<\/div>\n\t\t<\/div>\n\t\t\t\t\t<\/div>\n\t\t<\/section>\n\t\t\t\t<section class=\"elementor-section elementor-top-section elementor-element elementor-element-a8d2809 elementor-section-boxed elementor-section-height-default elementor-section-height-default\" data-id=\"a8d2809\" data-element_type=\"section\" data-settings=\"{&quot;jet_parallax_layout_list&quot;:[]}\">\n\t\t\t\t\t\t<div class=\"elementor-container elementor-column-gap-default\">\n\t\t\t\t\t<div class=\"elementor-column elementor-col-50 elementor-top-column elementor-element elementor-element-b174c50\" data-id=\"b174c50\" data-element_type=\"column\">\n\t\t\t<div class=\"elementor-widget-wrap elementor-element-populated\">\n\t\t\t\t\t\t<div class=\"elementor-element elementor-element-1b4da0f elementor-position-top elementor-widget elementor-widget-image-box\" data-id=\"1b4da0f\" data-element_type=\"widget\" data-widget_type=\"image-box.default\">\n\t\t\t\t<div class=\"elementor-widget-container\">\n\t\t\t<div class=\"elementor-image-box-wrapper\"><figure class=\"elementor-image-box-img\"><a href=\"https:\/\/respectmotherearth.com\/en\/nahrung-anbau-direktanbieter\/\" tabindex=\"-1\"><img decoding=\"async\" src=\"https:\/\/respectmotherearth.com\/wp-content\/uploads\/elementor\/thumbs\/Frau-mit-Farn-pwaws8qov8zkocqjb6xjkcn0id7607pjkd7iluppo8.jpg\" title=\"Frau mit Farn\" alt=\"Frau mit Farn - RespectMotherEarth\" loading=\"lazy\" \/><\/a><\/figure><div class=\"elementor-image-box-content\"><h3 class=\"elementor-image-box-title\"><a href=\"https:\/\/respectmotherearth.com\/en\/nahrung-anbau-direktanbieter\/\">Food \/ Cultivation \/ Direct suppliers<\/a><\/h3><\/div><\/div>\t\t<\/div>\n\t\t\t\t<\/div>\n\t\t\t\t\t<\/div>\n\t\t<\/div>\n\t\t\t\t<div class=\"elementor-column elementor-col-50 elementor-top-column elementor-element elementor-element-03ce5a8\" data-id=\"03ce5a8\" data-element_type=\"column\">\n\t\t\t<div class=\"elementor-widget-wrap elementor-element-populated\">\n\t\t\t\t\t\t<div class=\"elementor-element elementor-element-8bedf2c elementor-position-top elementor-widget elementor-widget-image-box\" data-id=\"8bedf2c\" data-element_type=\"widget\" data-widget_type=\"image-box.default\">\n\t\t\t\t<div class=\"elementor-widget-container\">\n\t\t\t<div class=\"elementor-image-box-wrapper\"><figure class=\"elementor-image-box-img\"><a href=\"https:\/\/respectmotherearth.com\/en\/wasser-trinkwasser-meer-fluesse\/\" tabindex=\"-1\"><img decoding=\"async\" src=\"https:\/\/respectmotherearth.com\/wp-content\/uploads\/elementor\/thumbs\/Wasserflasche-pwawwe711wo5ycpg2hj82sxaymqj036v4wxpwuk46w.jpg\" title=\"Wasserflasche\" alt=\"Wasserflasche - RespectMotherEarth\" loading=\"lazy\" \/><\/a><\/figure><div class=\"elementor-image-box-content\"><h3 class=\"elementor-image-box-title\"><a href=\"https:\/\/respectmotherearth.com\/en\/wasser-trinkwasser-meer-fluesse\/\">Water \/ Drinking water \/ Sea \/ Rivers <\/a><\/h3><\/div><\/div>\t\t<\/div>\n\t\t\t\t<\/div>\n\t\t\t\t\t<\/div>\n\t\t<\/div>\n\t\t\t\t\t<\/div>\n\t\t<\/section>\n\t\t\t\t<section class=\"elementor-section elementor-top-section elementor-element elementor-element-9b20055 elementor-section-boxed elementor-section-height-default elementor-section-height-default\" data-id=\"9b20055\" data-element_type=\"section\" data-settings=\"{&quot;jet_parallax_layout_list&quot;:[]}\">\n\t\t\t\t\t\t<div class=\"elementor-container elementor-column-gap-default\">\n\t\t\t\t\t<div class=\"elementor-column elementor-col-50 elementor-top-column elementor-element elementor-element-da58024\" data-id=\"da58024\" data-element_type=\"column\">\n\t\t\t<div class=\"elementor-widget-wrap elementor-element-populated\">\n\t\t\t\t\t\t<div class=\"elementor-element elementor-element-0ec233b elementor-position-top elementor-widget elementor-widget-image-box\" data-id=\"0ec233b\" data-element_type=\"widget\" data-widget_type=\"image-box.default\">\n\t\t\t\t<div class=\"elementor-widget-container\">\n\t\t\t<div class=\"elementor-image-box-wrapper\"><figure class=\"elementor-image-box-img\"><a href=\"https:\/\/respectmotherearth.com\/en\/community\/\" tabindex=\"-1\"><img decoding=\"async\" src=\"https:\/\/respectmotherearth.com\/wp-content\/uploads\/elementor\/thumbs\/Haende-pwawsucz8ft63dv4sy9ynp6m688lx93dbc7on7tnp4.jpg\" title=\"H\u00e4nde\" alt=\"H\u00e4nde - RespectMotherEarth\" loading=\"lazy\" \/><\/a><\/figure><div class=\"elementor-image-box-content\"><h3 class=\"elementor-image-box-title\"><a href=\"https:\/\/respectmotherearth.com\/en\/community\/\">Community<\/a><\/h3><\/div><\/div>\t\t<\/div>\n\t\t\t\t<\/div>\n\t\t\t\t\t<\/div>\n\t\t<\/div>\n\t\t\t\t<div class=\"elementor-column elementor-col-50 elementor-top-column elementor-element elementor-element-0e71ea5\" data-id=\"0e71ea5\" data-element_type=\"column\">\n\t\t\t<div class=\"elementor-widget-wrap elementor-element-populated\">\n\t\t\t\t\t\t<div class=\"elementor-element elementor-element-472116a elementor-position-top elementor-widget elementor-widget-image-box\" data-id=\"472116a\" data-element_type=\"widget\" data-widget_type=\"image-box.default\">\n\t\t\t\t<div class=\"elementor-widget-container\">\n\t\t\t<div class=\"elementor-image-box-wrapper\"><figure class=\"elementor-image-box-img\"><a href=\"https:\/\/respectmotherearth.com\/en\/plastik-vermeiden-alternativen-recycling\/\" tabindex=\"-1\"><img decoding=\"async\" src=\"https:\/\/respectmotherearth.com\/wp-content\/uploads\/elementor\/thumbs\/Erde-Plastik-pwaws17zckpa3h1gj3oj0ejbra88amvovbzmrn0v20.jpg\" title=\"Erde, Plastik\" alt=\"Erde, Plastik - RespectMotherEarth\" loading=\"lazy\" \/><\/a><\/figure><div class=\"elementor-image-box-content\"><h3 class=\"elementor-image-box-title\"><a href=\"https:\/\/respectmotherearth.com\/en\/plastik-vermeiden-alternativen-recycling\/\">Plastic \/ avoid \/ alternatives \/ recycling<\/a><\/h3><\/div><\/div>\t\t<\/div>\n\t\t\t\t<\/div>\n\t\t\t\t\t<\/div>\n\t\t<\/div>\n\t\t\t\t\t<\/div>\n\t\t<\/section>\n\t\t\t\t<\/div>","protected":false},"excerpt":{"rendered":"<p>Here you will find links to further information, organizations or initiatives that we at RespectMotherEarth support. The problems are immense, so are the solutions. food \/ cultivation \/ direct provider water \/ drinking water \/ sea \/ rivers community plastic \/ avoid \/ alternatives \/ recycling<\/p>","protected":false},"author":1,"featured_media":0,"parent":0,"menu_order":0,"comment_status":"closed","ping_status":"closed","template":"elementor_header_footer","meta":{"footnotes":""},"class_list":["post-51","page","type-page","status-publish","hentry"],"yoast_head":"<!-- This site is optimized with the Yoast SEO plugin v23.7 - https:\/\/yoast.com\/wordpress\/plugins\/seo\/ -->\n<title>Links - Respect Mother Earth<\/title>\n<meta name=\"robots\" content=\"index, follow, max-snippet:-1, max-image-preview:large, max-video-preview:-1\" \/>\n<link rel=\"canonical\" href=\"https:\/\/respectmotherearth.com\/en\/links\/\" \/>\n<meta property=\"og:locale\" content=\"en_US\" \/>\n<meta property=\"og:type\" content=\"article\" \/>\n<meta property=\"og:title\" content=\"Links - Respect Mother Earth\" \/>\n<meta property=\"og:description\" content=\"Hier findest du Links zu weiterf\u00fchrenden Informationen, Organisationen oder Initiativen, die wir von RespectMotherEarth unterst\u00fctzen. Die Probleme sind immens, die L\u00f6sungen auch. Nahrung \/ Anbau \/ Direktanbieter Wasser \/ Trinkwasser \/ Meer \/ Fl\u00fcsse Community Plastik \/ vermeiden \/ Alternativen \/ Recycling\" \/>\n<meta property=\"og:url\" content=\"https:\/\/respectmotherearth.com\/en\/links\/\" \/>\n<meta property=\"og:site_name\" content=\"Respect Mother Earth\" \/>\n<meta property=\"article:modified_time\" content=\"2022-10-17T09:20:07+00:00\" \/>\n<meta property=\"og:image\" content=\"https:\/\/respectmotherearth.com\/wp-content\/uploads\/elementor\/thumbs\/Frau-mit-Farn-pwaws8qov8zkocqjb6xjkcn0id7607pjkd7iluppo8.jpg\" \/>\n<meta name=\"twitter:card\" content=\"summary_large_image\" \/>\n<meta name=\"twitter:label1\" content=\"Est. reading time\" \/>\n\t<meta name=\"twitter:data1\" content=\"2 minutes\" \/>\n<script type=\"application\/ld+json\" class=\"yoast-schema-graph\">{\"@context\":\"https:\/\/schema.org\",\"@graph\":[{\"@type\":\"WebPage\",\"@id\":\"https:\/\/respectmotherearth.com\/links\/\",\"url\":\"https:\/\/respectmotherearth.com\/links\/\",\"name\":\"Links - Respect Mother Earth\",\"isPartOf\":{\"@id\":\"https:\/\/respectmotherearth.com\/#website\"},\"primaryImageOfPage\":{\"@id\":\"https:\/\/respectmotherearth.com\/links\/#primaryimage\"},\"image\":{\"@id\":\"https:\/\/respectmotherearth.com\/links\/#primaryimage\"},\"thumbnailUrl\":\"https:\/\/respectmotherearth.com\/wp-content\/uploads\/elementor\/thumbs\/Frau-mit-Farn-pwaws8qov8zkocqjb6xjkcn0id7607pjkd7iluppo8.jpg\",\"datePublished\":\"2022-10-16T12:10:47+00:00\",\"dateModified\":\"2022-10-17T09:20:07+00:00\",\"breadcrumb\":{\"@id\":\"https:\/\/respectmotherearth.com\/links\/#breadcrumb\"},\"inLanguage\":\"en-US\",\"potentialAction\":[{\"@type\":\"ReadAction\",\"target\":[\"https:\/\/respectmotherearth.com\/links\/\"]}]},{\"@type\":\"ImageObject\",\"inLanguage\":\"en-US\",\"@id\":\"https:\/\/respectmotherearth.com\/links\/#primaryimage\",\"url\":\"https:\/\/respectmotherearth.com\/wp-content\/uploads\/elementor\/thumbs\/Frau-mit-Farn-pwaws8qov8zkocqjb6xjkcn0id7607pjkd7iluppo8.jpg\",\"contentUrl\":\"https:\/\/respectmotherearth.com\/wp-content\/uploads\/elementor\/thumbs\/Frau-mit-Farn-pwaws8qov8zkocqjb6xjkcn0id7607pjkd7iluppo8.jpg\"},{\"@type\":\"BreadcrumbList\",\"@id\":\"https:\/\/respectmotherearth.com\/links\/#breadcrumb\",\"itemListElement\":[{\"@type\":\"ListItem\",\"position\":1,\"name\":\"Startseite\",\"item\":\"https:\/\/respectmotherearth.com\/\"},{\"@type\":\"ListItem\",\"position\":2,\"name\":\"Links\"}]},{\"@type\":\"WebSite\",\"@id\":\"https:\/\/respectmotherearth.com\/#website\",\"url\":\"https:\/\/respectmotherearth.com\/\",\"name\":\"Respect Mother Earth\",\"description\":\"\",\"potentialAction\":[{\"@type\":\"SearchAction\",\"target\":{\"@type\":\"EntryPoint\",\"urlTemplate\":\"https:\/\/respectmotherearth.com\/?s={search_term_string}\"},\"query-input\":{\"@type\":\"PropertyValueSpecification\",\"valueRequired\":true,\"valueName\":\"search_term_string\"}}],\"inLanguage\":\"en-US\"}]}<\/script>\n<!-- \/ Yoast SEO plugin. -->","yoast_head_json":{"title":"Links - Respect Mother Earth","robots":{"index":"index","follow":"follow","max-snippet":"max-snippet:-1","max-image-preview":"max-image-preview:large","max-video-preview":"max-video-preview:-1"},"canonical":"https:\/\/respectmotherearth.com\/en\/links\/","og_locale":"en_US","og_type":"article","og_title":"Links - Respect Mother Earth","og_description":"Hier findest du Links zu weiterf\u00fchrenden Informationen, Organisationen oder Initiativen, die wir von RespectMotherEarth unterst\u00fctzen. Die Probleme sind immens, die L\u00f6sungen auch. Nahrung \/ Anbau \/ Direktanbieter Wasser \/ Trinkwasser \/ Meer \/ Fl\u00fcsse Community Plastik \/ vermeiden \/ Alternativen \/ Recycling","og_url":"https:\/\/respectmotherearth.com\/en\/links\/","og_site_name":"Respect Mother Earth","article_modified_time":"2022-10-17T09:20:07+00:00","og_image":[{"url":"https:\/\/respectmotherearth.com\/wp-content\/uploads\/elementor\/thumbs\/Frau-mit-Farn-pwaws8qov8zkocqjb6xjkcn0id7607pjkd7iluppo8.jpg"}],"twitter_card":"summary_large_image","twitter_misc":{"Est. reading time":"2 minutes"},"schema":{"@context":"https:\/\/schema.org","@graph":[{"@type":"WebPage","@id":"https:\/\/respectmotherearth.com\/links\/","url":"https:\/\/respectmotherearth.com\/links\/","name":"Links - Respect Mother Earth","isPartOf":{"@id":"https:\/\/respectmotherearth.com\/#website"},"primaryImageOfPage":{"@id":"https:\/\/respectmotherearth.com\/links\/#primaryimage"},"image":{"@id":"https:\/\/respectmotherearth.com\/links\/#primaryimage"},"thumbnailUrl":"https:\/\/respectmotherearth.com\/wp-content\/uploads\/elementor\/thumbs\/Frau-mit-Farn-pwaws8qov8zkocqjb6xjkcn0id7607pjkd7iluppo8.jpg","datePublished":"2022-10-16T12:10:47+00:00","dateModified":"2022-10-17T09:20:07+00:00","breadcrumb":{"@id":"https:\/\/respectmotherearth.com\/links\/#breadcrumb"},"inLanguage":"en-US","potentialAction":[{"@type":"ReadAction","target":["https:\/\/respectmotherearth.com\/links\/"]}]},{"@type":"ImageObject","inLanguage":"en-US","@id":"https:\/\/respectmotherearth.com\/links\/#primaryimage","url":"https:\/\/respectmotherearth.com\/wp-content\/uploads\/elementor\/thumbs\/Frau-mit-Farn-pwaws8qov8zkocqjb6xjkcn0id7607pjkd7iluppo8.jpg","contentUrl":"https:\/\/respectmotherearth.com\/wp-content\/uploads\/elementor\/thumbs\/Frau-mit-Farn-pwaws8qov8zkocqjb6xjkcn0id7607pjkd7iluppo8.jpg"},{"@type":"BreadcrumbList","@id":"https:\/\/respectmotherearth.com\/links\/#breadcrumb","itemListElement":[{"@type":"ListItem","position":1,"name":"Startseite","item":"https:\/\/respectmotherearth.com\/"},{"@type":"ListItem","position":2,"name":"Links"}]},{"@type":"WebSite","@id":"https:\/\/respectmotherearth.com\/#website","url":"https:\/\/respectmotherearth.com\/","name":"Respect Mother Earth","description":"","potentialAction":[{"@type":"SearchAction","target":{"@type":"EntryPoint","urlTemplate":"https:\/\/respectmotherearth.com\/?s={search_term_string}"},"query-input":{"@type":"PropertyValueSpecification","valueRequired":true,"valueName":"search_term_string"}}],"inLanguage":"en-US"}]}},"_links":{"self":[{"href":"https:\/\/respectmotherearth.com\/en\/wp-json\/wp\/v2\/pages\/51","targetHints":{"allow":["GET"]}}],"collection":[{"href":"https:\/\/respectmotherearth.com\/en\/wp-json\/wp\/v2\/pages"}],"about":[{"href":"https:\/\/respectmotherearth.com\/en\/wp-json\/wp\/v2\/types\/page"}],"author":[{"embeddable":true,"href":"https:\/\/respectmotherearth.com\/en\/wp-json\/wp\/v2\/users\/1"}],"replies":[{"embeddable":true,"href":"https:\/\/respectmotherearth.com\/en\/wp-json\/wp\/v2\/comments?post=51"}],"version-history":[{"count":13,"href":"https:\/\/respectmotherearth.com\/en\/wp-json\/wp\/v2\/pages\/51\/revisions"}],"predecessor-version":[{"id":341,"href":"https:\/\/respectmotherearth.com\/en\/wp-json\/wp\/v2\/pages\/51\/revisions\/341"}],"wp:attachment":[{"href":"https:\/\/respectmotherearth.com\/en\/wp-json\/wp\/v2\/media?parent=51"}],"curies":[{"name":"wp","href":"https:\/\/api.w.org\/{rel}","templated":true}]}}