{"id":49,"date":"2022-10-16T14:10:23","date_gmt":"2022-10-16T12:10:23","guid":{"rendered":"https:\/\/respectmotherearth.com\/?page_id=49"},"modified":"2022-12-23T16:16:17","modified_gmt":"2022-12-23T15:16:17","slug":"be-part","status":"publish","type":"page","link":"https:\/\/respectmotherearth.com\/en\/be-part\/","title":{"rendered":"BE PART"},"content":{"rendered":"<div data-elementor-type=\"wp-page\" data-elementor-id=\"49\" class=\"elementor elementor-49\" data-elementor-post-type=\"page\">\n\t\t\t\t\t\t<section class=\"elementor-section elementor-top-section elementor-element elementor-element-cadd1b0 elementor-section-full_width elementor-section-height-min-height elementor-section-items-stretch elementor-section-height-default\" data-id=\"cadd1b0\" data-element_type=\"section\" data-settings=\"{&quot;background_background&quot;:&quot;classic&quot;,&quot;jet_parallax_layout_list&quot;:[]}\">\n\t\t\t\t\t\t<div class=\"elementor-container elementor-column-gap-default\">\n\t\t\t\t\t<div class=\"elementor-column elementor-col-50 elementor-top-column elementor-element elementor-element-125d710\" data-id=\"125d710\" data-element_type=\"column\" data-settings=\"{&quot;background_background&quot;:&quot;classic&quot;}\">\n\t\t\t<div class=\"elementor-widget-wrap elementor-element-populated\">\n\t\t\t\t\t\t<div class=\"elementor-element elementor-element-c8e8ddb elementor-widget elementor-widget-spacer\" data-id=\"c8e8ddb\" data-element_type=\"widget\" data-widget_type=\"spacer.default\">\n\t\t\t\t<div class=\"elementor-widget-container\">\n\t\t\t\t\t<div class=\"elementor-spacer\">\n\t\t\t<div class=\"elementor-spacer-inner\"><\/div>\n\t\t<\/div>\n\t\t\t\t<\/div>\n\t\t\t\t<\/div>\n\t\t\t\t\t<\/div>\n\t\t<\/div>\n\t\t\t\t<div class=\"elementor-column elementor-col-50 elementor-top-column elementor-element elementor-element-36d35a2\" data-id=\"36d35a2\" data-element_type=\"column\" data-settings=\"{&quot;background_background&quot;:&quot;classic&quot;}\">\n\t\t\t<div class=\"elementor-widget-wrap elementor-element-populated\">\n\t\t\t\t\t\t<section class=\"elementor-section elementor-inner-section elementor-element elementor-element-51f065e elementor-section-full_width elementor-section-height-default elementor-section-height-default\" data-id=\"51f065e\" data-element_type=\"section\" data-settings=\"{&quot;jet_parallax_layout_list&quot;:[]}\">\n\t\t\t\t\t\t<div class=\"elementor-container elementor-column-gap-default\">\n\t\t\t\t\t<div class=\"elementor-column elementor-col-100 elementor-inner-column elementor-element elementor-element-808cf17\" data-id=\"808cf17\" data-element_type=\"column\">\n\t\t\t<div class=\"elementor-widget-wrap elementor-element-populated\">\n\t\t\t\t\t\t<div class=\"elementor-element elementor-element-3a4de43 elementor-invisible elementor-widget elementor-widget-heading\" data-id=\"3a4de43\" data-element_type=\"widget\" data-settings=\"{&quot;_animation&quot;:&quot;fadeInUp&quot;}\" data-widget_type=\"heading.default\">\n\t\t\t\t<div class=\"elementor-widget-container\">\n\t\t\t<h2 class=\"elementor-heading-title elementor-size-large\">BE PART<\/h2>\t\t<\/div>\n\t\t\t\t<\/div>\n\t\t\t\t<div class=\"elementor-element elementor-element-7beadf7 elementor-invisible elementor-widget elementor-widget-text-editor\" data-id=\"7beadf7\" data-element_type=\"widget\" data-settings=\"{&quot;_animation&quot;:&quot;fadeIn&quot;}\" data-widget_type=\"text-editor.default\">\n\t\t\t\t<div class=\"elementor-widget-container\">\n\t\t\t\t\t\t\t<p>You want to be not only inspired, but also involved? Make a contribution and do good?<\/p><p>You would like to support RespectMotherEarth? With pleasure.<\/p><p>We welcome interesting blog articles for our website as well as your financial support.<\/p>\t\t\t\t\t\t<\/div>\n\t\t\t\t<\/div>\n\t\t\t\t<div class=\"elementor-element elementor-element-20f4989 elementor-widget elementor-widget-spacer\" data-id=\"20f4989\" data-element_type=\"widget\" data-widget_type=\"spacer.default\">\n\t\t\t\t<div class=\"elementor-widget-container\">\n\t\t\t\t\t<div class=\"elementor-spacer\">\n\t\t\t<div class=\"elementor-spacer-inner\"><\/div>\n\t\t<\/div>\n\t\t\t\t<\/div>\n\t\t\t\t<\/div>\n\t\t\t\t<div class=\"elementor-element elementor-element-d8306a4 elementor-position-left elementor-view-default elementor-mobile-position-top elementor-vertical-align-top elementor-widget elementor-widget-icon-box\" data-id=\"d8306a4\" data-element_type=\"widget\" data-widget_type=\"icon-box.default\">\n\t\t\t\t<div class=\"elementor-widget-container\">\n\t\t\t\t\t<div class=\"elementor-icon-box-wrapper\">\n\n\t\t\t\t\t\t<div class=\"elementor-icon-box-icon\">\n\t\t\t\t<span  class=\"elementor-icon elementor-animation-\">\n\t\t\t\t<i aria-hidden=\"true\" class=\"fas fa-pen-fancy\"><\/i>\t\t\t\t<\/span>\n\t\t\t<\/div>\n\t\t\t\n\t\t\t\t\t\t<div class=\"elementor-icon-box-content\">\n\n\t\t\t\t\t\t\t\t\t<h3 class=\"elementor-icon-box-title\">\n\t\t\t\t\t\t<span  >\n\t\t\t\t\t\t\tBlog\t\t\t\t\t\t<\/span>\n\t\t\t\t\t<\/h3>\n\t\t\t\t\n\t\t\t\t\t\t\t\t\t<p class=\"elementor-icon-box-description\">\n\t\t\t\t\t\tPlease send us your article by e-mail to <a href=\"mailto:contact@RespectMotherEarth.com\">mailto:contact@RespectMotherEarth.com<\/a> \t\t\t\t\t<\/p>\n\t\t\t\t\n\t\t\t<\/div>\n\t\t\t\n\t\t<\/div>\n\t\t\t\t<\/div>\n\t\t\t\t<\/div>\n\t\t\t\t<div class=\"elementor-element elementor-element-a66efbb elementor-position-left elementor-view-default elementor-mobile-position-top elementor-vertical-align-top elementor-widget elementor-widget-icon-box\" data-id=\"a66efbb\" data-element_type=\"widget\" data-widget_type=\"icon-box.default\">\n\t\t\t\t<div class=\"elementor-widget-container\">\n\t\t\t\t\t<div class=\"elementor-icon-box-wrapper\">\n\n\t\t\t\t\t\t<div class=\"elementor-icon-box-icon\">\n\t\t\t\t<span  class=\"elementor-icon elementor-animation-\">\n\t\t\t\t<i aria-hidden=\"true\" class=\"fab fa-cc-paypal\"><\/i>\t\t\t\t<\/span>\n\t\t\t<\/div>\n\t\t\t\n\t\t\t\t\t\t<div class=\"elementor-icon-box-content\">\n\n\t\t\t\t\t\t\t\t\t<h3 class=\"elementor-icon-box-title\">\n\t\t\t\t\t\t<span  >\n\t\t\t\t\t\t\tSponsoring\t\t\t\t\t\t<\/span>\n\t\t\t\t\t<\/h3>\n\t\t\t\t\n\t\t\t\t\t\t\t\t\t<p class=\"elementor-icon-box-description\">\n\t\t\t\t\t\tA small contribution like spending a coffee or tea every day can make a difference. Mother Earth will thank you. \t\t\t\t\t<\/p>\n\t\t\t\t\n\t\t\t<\/div>\n\t\t\t\n\t\t<\/div>\n\t\t\t\t<\/div>\n\t\t\t\t<\/div>\n\t\t\t\t<div class=\"elementor-element elementor-element-79e6bac elementor-widget elementor-widget-button\" data-id=\"79e6bac\" data-element_type=\"widget\" data-widget_type=\"button.default\">\n\t\t\t\t<div class=\"elementor-widget-container\">\n\t\t\t\t\t\t\t<div class=\"elementor-button-wrapper\">\n\t\t\t\t\t<a class=\"elementor-button elementor-button-link elementor-size-sm elementor-animation-float\" href=\"https:\/\/www.paypal.com\/donate\/?hosted_button_id=6V9ZCNCD9GAEA\" target=\"_blank\">\n\t\t\t\t\t\t<span class=\"elementor-button-content-wrapper\">\n\t\t\t\t\t\t<span class=\"elementor-button-icon\">\n\t\t\t\t<i aria-hidden=\"true\" class=\"fab fa-cc-paypal\"><\/i>\t\t\t<\/span>\n\t\t\t\t\t\t\t\t\t<span class=\"elementor-button-text\">Donate now!<\/span>\n\t\t\t\t\t<\/span>\n\t\t\t\t\t<\/a>\n\t\t\t\t<\/div>\n\t\t\t\t\t\t<\/div>\n\t\t\t\t<\/div>\n\t\t\t\t\t<\/div>\n\t\t<\/div>\n\t\t\t\t\t<\/div>\n\t\t<\/section>\n\t\t\t\t\t<\/div>\n\t\t<\/div>\n\t\t\t\t\t<\/div>\n\t\t<\/section>\n\t\t\t\t<\/div>","protected":false},"excerpt":{"rendered":"<p>BE PART Du m\u00f6chtest nicht nur inspiriert, sondern auch involviert sein? Einen Beitrag leisten und Gutes tun? Du m\u00f6chtest RespectMotherEarth unterst\u00fctzen? Sehr gerne. Wir freuen uns \u00fcber interessante Blog-Artikel f\u00fcr unsere Webseite sowie \u00fcber Deine finanzielle Unterst\u00fctzung. Blogartikel Bitte sende uns deinen Artikel per E-Mail an contact@RespectMotherEarth.com Sponsoring Ein kleiner Beitrag wie die t\u00e4glichen Ausgaben [&hellip;]<\/p>","protected":false},"author":1,"featured_media":0,"parent":0,"menu_order":0,"comment_status":"closed","ping_status":"closed","template":"elementor_header_footer","meta":{"footnotes":""},"class_list":["post-49","page","type-page","status-publish","hentry"],"yoast_head":"<!-- This site is optimized with the Yoast SEO plugin v23.7 - https:\/\/yoast.com\/wordpress\/plugins\/seo\/ -->\n<title>BE PART - Respect Mother Earth<\/title>\n<meta name=\"robots\" content=\"index, follow, max-snippet:-1, max-image-preview:large, max-video-preview:-1\" \/>\n<link rel=\"canonical\" href=\"https:\/\/respectmotherearth.com\/en\/be-part\/\" \/>\n<meta property=\"og:locale\" content=\"en_US\" \/>\n<meta property=\"og:type\" content=\"article\" \/>\n<meta property=\"og:title\" content=\"BE PART - Respect Mother Earth\" \/>\n<meta property=\"og:description\" content=\"BE PART Du m\u00f6chtest nicht nur inspiriert, sondern auch involviert sein? Einen Beitrag leisten und Gutes tun? Du m\u00f6chtest RespectMotherEarth unterst\u00fctzen? Sehr gerne. Wir freuen uns \u00fcber interessante Blog-Artikel f\u00fcr unsere Webseite sowie \u00fcber Deine finanzielle Unterst\u00fctzung. Blogartikel Bitte sende uns deinen Artikel per E-Mail an contact@RespectMotherEarth.com Sponsoring Ein kleiner Beitrag wie die t\u00e4glichen Ausgaben [&hellip;]\" \/>\n<meta property=\"og:url\" content=\"https:\/\/respectmotherearth.com\/en\/be-part\/\" \/>\n<meta property=\"og:site_name\" content=\"Respect Mother Earth\" \/>\n<meta property=\"article:modified_time\" content=\"2022-12-23T15:16:17+00:00\" \/>\n<meta name=\"twitter:card\" content=\"summary_large_image\" \/>\n<meta name=\"twitter:label1\" content=\"Est. reading time\" \/>\n\t<meta name=\"twitter:data1\" content=\"1 minute\" \/>\n<script type=\"application\/ld+json\" class=\"yoast-schema-graph\">{\"@context\":\"https:\/\/schema.org\",\"@graph\":[{\"@type\":\"WebPage\",\"@id\":\"https:\/\/respectmotherearth.com\/be-part\/\",\"url\":\"https:\/\/respectmotherearth.com\/be-part\/\",\"name\":\"BE PART - Respect Mother Earth\",\"isPartOf\":{\"@id\":\"https:\/\/respectmotherearth.com\/#website\"},\"datePublished\":\"2022-10-16T12:10:23+00:00\",\"dateModified\":\"2022-12-23T15:16:17+00:00\",\"breadcrumb\":{\"@id\":\"https:\/\/respectmotherearth.com\/be-part\/#breadcrumb\"},\"inLanguage\":\"en-US\",\"potentialAction\":[{\"@type\":\"ReadAction\",\"target\":[\"https:\/\/respectmotherearth.com\/be-part\/\"]}]},{\"@type\":\"BreadcrumbList\",\"@id\":\"https:\/\/respectmotherearth.com\/be-part\/#breadcrumb\",\"itemListElement\":[{\"@type\":\"ListItem\",\"position\":1,\"name\":\"Startseite\",\"item\":\"https:\/\/respectmotherearth.com\/\"},{\"@type\":\"ListItem\",\"position\":2,\"name\":\"BE PART\"}]},{\"@type\":\"WebSite\",\"@id\":\"https:\/\/respectmotherearth.com\/#website\",\"url\":\"https:\/\/respectmotherearth.com\/\",\"name\":\"Respect Mother Earth\",\"description\":\"\",\"potentialAction\":[{\"@type\":\"SearchAction\",\"target\":{\"@type\":\"EntryPoint\",\"urlTemplate\":\"https:\/\/respectmotherearth.com\/?s={search_term_string}\"},\"query-input\":{\"@type\":\"PropertyValueSpecification\",\"valueRequired\":true,\"valueName\":\"search_term_string\"}}],\"inLanguage\":\"en-US\"}]}<\/script>\n<!-- \/ Yoast SEO plugin. -->","yoast_head_json":{"title":"BE PART - Respect Mother Earth","robots":{"index":"index","follow":"follow","max-snippet":"max-snippet:-1","max-image-preview":"max-image-preview:large","max-video-preview":"max-video-preview:-1"},"canonical":"https:\/\/respectmotherearth.com\/en\/be-part\/","og_locale":"en_US","og_type":"article","og_title":"BE PART - Respect Mother Earth","og_description":"BE PART Du m\u00f6chtest nicht nur inspiriert, sondern auch involviert sein? Einen Beitrag leisten und Gutes tun? Du m\u00f6chtest RespectMotherEarth unterst\u00fctzen? Sehr gerne. Wir freuen uns \u00fcber interessante Blog-Artikel f\u00fcr unsere Webseite sowie \u00fcber Deine finanzielle Unterst\u00fctzung. Blogartikel Bitte sende uns deinen Artikel per E-Mail an contact@RespectMotherEarth.com Sponsoring Ein kleiner Beitrag wie die t\u00e4glichen Ausgaben [&hellip;]","og_url":"https:\/\/respectmotherearth.com\/en\/be-part\/","og_site_name":"Respect Mother Earth","article_modified_time":"2022-12-23T15:16:17+00:00","twitter_card":"summary_large_image","twitter_misc":{"Est. reading time":"1 minute"},"schema":{"@context":"https:\/\/schema.org","@graph":[{"@type":"WebPage","@id":"https:\/\/respectmotherearth.com\/be-part\/","url":"https:\/\/respectmotherearth.com\/be-part\/","name":"BE PART - Respect Mother Earth","isPartOf":{"@id":"https:\/\/respectmotherearth.com\/#website"},"datePublished":"2022-10-16T12:10:23+00:00","dateModified":"2022-12-23T15:16:17+00:00","breadcrumb":{"@id":"https:\/\/respectmotherearth.com\/be-part\/#breadcrumb"},"inLanguage":"en-US","potentialAction":[{"@type":"ReadAction","target":["https:\/\/respectmotherearth.com\/be-part\/"]}]},{"@type":"BreadcrumbList","@id":"https:\/\/respectmotherearth.com\/be-part\/#breadcrumb","itemListElement":[{"@type":"ListItem","position":1,"name":"Startseite","item":"https:\/\/respectmotherearth.com\/"},{"@type":"ListItem","position":2,"name":"BE PART"}]},{"@type":"WebSite","@id":"https:\/\/respectmotherearth.com\/#website","url":"https:\/\/respectmotherearth.com\/","name":"Respect Mother Earth","description":"","potentialAction":[{"@type":"SearchAction","target":{"@type":"EntryPoint","urlTemplate":"https:\/\/respectmotherearth.com\/?s={search_term_string}"},"query-input":{"@type":"PropertyValueSpecification","valueRequired":true,"valueName":"search_term_string"}}],"inLanguage":"en-US"}]}},"_links":{"self":[{"href":"https:\/\/respectmotherearth.com\/en\/wp-json\/wp\/v2\/pages\/49","targetHints":{"allow":["GET"]}}],"collection":[{"href":"https:\/\/respectmotherearth.com\/en\/wp-json\/wp\/v2\/pages"}],"about":[{"href":"https:\/\/respectmotherearth.com\/en\/wp-json\/wp\/v2\/types\/page"}],"author":[{"embeddable":true,"href":"https:\/\/respectmotherearth.com\/en\/wp-json\/wp\/v2\/users\/1"}],"replies":[{"embeddable":true,"href":"https:\/\/respectmotherearth.com\/en\/wp-json\/wp\/v2\/comments?post=49"}],"version-history":[{"count":19,"href":"https:\/\/respectmotherearth.com\/en\/wp-json\/wp\/v2\/pages\/49\/revisions"}],"predecessor-version":[{"id":407,"href":"https:\/\/respectmotherearth.com\/en\/wp-json\/wp\/v2\/pages\/49\/revisions\/407"}],"wp:attachment":[{"href":"https:\/\/respectmotherearth.com\/en\/wp-json\/wp\/v2\/media?parent=49"}],"curies":[{"name":"wp","href":"https:\/\/api.w.org\/{rel}","templated":true}]}}