{"id":47,"date":"2022-10-16T14:10:07","date_gmt":"2022-10-16T12:10:07","guid":{"rendered":"https:\/\/respectmotherearth.com\/?page_id=47"},"modified":"2023-01-09T13:00:55","modified_gmt":"2023-01-09T12:00:55","slug":"the-earth-show","status":"publish","type":"page","link":"https:\/\/respectmotherearth.com\/en\/the-earth-show\/","title":{"rendered":"The EARTH Show"},"content":{"rendered":"<div data-elementor-type=\"wp-page\" data-elementor-id=\"47\" class=\"elementor elementor-47\" data-elementor-post-type=\"page\">\n\t\t\t\t\t\t<section class=\"elementor-section elementor-top-section elementor-element elementor-element-3830cb44 elementor-section-full_width elementor-section-height-min-height elementor-section-items-stretch elementor-section-height-default\" data-id=\"3830cb44\" data-element_type=\"section\" data-settings=\"{&quot;background_background&quot;:&quot;classic&quot;,&quot;jet_parallax_layout_list&quot;:[]}\">\n\t\t\t\t\t\t<div class=\"elementor-container elementor-column-gap-default\">\n\t\t\t\t\t<div class=\"elementor-column elementor-col-50 elementor-top-column elementor-element elementor-element-54502e1\" data-id=\"54502e1\" data-element_type=\"column\" data-settings=\"{&quot;background_background&quot;:&quot;slideshow&quot;,&quot;background_slideshow_gallery&quot;:[{&quot;id&quot;:39,&quot;url&quot;:&quot;https:\\\/\\\/respectmotherearth.com\\\/wp-content\\\/uploads\\\/2022\\\/10\\\/Roland-Friedl.jpg&quot;},{&quot;id&quot;:380,&quot;url&quot;:&quot;https:\\\/\\\/respectmotherearth.com\\\/wp-content\\\/uploads\\\/2022\\\/10\\\/Marcin-Kraszewski-1-1.png&quot;}],&quot;background_slideshow_slide_duration&quot;:3000,&quot;background_slideshow_loop&quot;:&quot;yes&quot;,&quot;background_slideshow_slide_transition&quot;:&quot;fade&quot;,&quot;background_slideshow_transition_duration&quot;:500}\">\n\t\t\t<div class=\"elementor-widget-wrap elementor-element-populated\">\n\t\t\t\t\t\t<div class=\"elementor-element elementor-element-28e04aaa elementor-widget elementor-widget-spacer\" data-id=\"28e04aaa\" data-element_type=\"widget\" data-widget_type=\"spacer.default\">\n\t\t\t\t<div class=\"elementor-widget-container\">\n\t\t\t\t\t<div class=\"elementor-spacer\">\n\t\t\t<div class=\"elementor-spacer-inner\"><\/div>\n\t\t<\/div>\n\t\t\t\t<\/div>\n\t\t\t\t<\/div>\n\t\t\t\t\t<\/div>\n\t\t<\/div>\n\t\t\t\t<div class=\"elementor-column elementor-col-50 elementor-top-column elementor-element elementor-element-26b2d60c\" data-id=\"26b2d60c\" data-element_type=\"column\" data-settings=\"{&quot;background_background&quot;:&quot;classic&quot;}\">\n\t\t\t<div class=\"elementor-widget-wrap elementor-element-populated\">\n\t\t\t\t\t\t<section class=\"elementor-section elementor-inner-section elementor-element elementor-element-715faa2b elementor-section-full_width elementor-section-height-default elementor-section-height-default\" data-id=\"715faa2b\" data-element_type=\"section\" data-settings=\"{&quot;jet_parallax_layout_list&quot;:[]}\">\n\t\t\t\t\t\t<div class=\"elementor-container elementor-column-gap-default\">\n\t\t\t\t\t<div class=\"elementor-column elementor-col-100 elementor-inner-column elementor-element elementor-element-18b1ed80\" data-id=\"18b1ed80\" data-element_type=\"column\">\n\t\t\t<div class=\"elementor-widget-wrap elementor-element-populated\">\n\t\t\t\t\t\t<div class=\"elementor-element elementor-element-6620b783 elementor-invisible elementor-widget elementor-widget-heading\" data-id=\"6620b783\" data-element_type=\"widget\" data-settings=\"{&quot;_animation&quot;:&quot;fadeInUp&quot;}\" data-widget_type=\"heading.default\">\n\t\t\t\t<div class=\"elementor-widget-container\">\n\t\t\t<h2 class=\"elementor-heading-title elementor-size-large\">The EARTH Show<\/h2>\t\t<\/div>\n\t\t\t\t<\/div>\n\t\t\t\t<div class=\"elementor-element elementor-element-4ae02c96 elementor-invisible elementor-widget elementor-widget-text-editor\" data-id=\"4ae02c96\" data-element_type=\"widget\" data-settings=\"{&quot;_animation&quot;:&quot;fadeIn&quot;}\" data-widget_type=\"text-editor.default\">\n\t\t\t\t<div class=\"elementor-widget-container\">\n\t\t\t\t\t\t\t<p>On USA GLOBAL TV &amp; RADIO we (Marcin and Roland) report 2x a month (Wednesdays at 7pm CET) on topics related to the protection of Mother Earth.<\/p><p>We may be living in an unprecedented time when processes larger than we can imagine are colliding to create a new reality for our planet. It may be our last chance to stop a domino effect of change with global impacts on the biosphere. And our action or inaction is the main trigger for the upcoming scenario on our planet. So, what would you do?<\/p><p>We believe that the only solution to find our way is to put everything we seem to know to the test. To face our fears and risk unpleasant emotions in order to reach a calm heart.\u00a0<\/p>\t\t\t\t\t\t<\/div>\n\t\t\t\t<\/div>\n\t\t\t\t\t<\/div>\n\t\t<\/div>\n\t\t\t\t\t<\/div>\n\t\t<\/section>\n\t\t\t\t\t<\/div>\n\t\t<\/div>\n\t\t\t\t\t<\/div>\n\t\t<\/section>\n\t\t\t\t<section class=\"elementor-section elementor-top-section elementor-element elementor-element-4390c303 elementor-section-boxed elementor-section-height-default elementor-section-height-default\" data-id=\"4390c303\" data-element_type=\"section\" data-settings=\"{&quot;jet_parallax_layout_list&quot;:[]}\">\n\t\t\t\t\t\t<div class=\"elementor-container elementor-column-gap-default\">\n\t\t\t\t\t<div class=\"elementor-column elementor-col-100 elementor-top-column elementor-element elementor-element-30076ed5\" data-id=\"30076ed5\" data-element_type=\"column\">\n\t\t\t<div class=\"elementor-widget-wrap elementor-element-populated\">\n\t\t\t\t\t\t<div class=\"elementor-element elementor-element-10c164a2 elementor-invisible elementor-widget elementor-widget-text-editor\" data-id=\"10c164a2\" data-element_type=\"widget\" data-settings=\"{&quot;_animation&quot;:&quot;fadeIn&quot;}\" data-widget_type=\"text-editor.default\">\n\t\t\t\t<div class=\"elementor-widget-container\">\n\t\t\t\t\t\t\t<p>Our hearts beat in the same way as they did 200 or 2000 years ago. And it is suspected that our cells originate from a prehistoric ocean.\u00a0<\/p><p>Since we are part of the environment, everything is interconnected, and our actions can harm it, we can also reverse the influence. But not out of fear, anger or misery. We can do it out of respect for our mother.<\/p><p>The environmental, economic and social crises we face are frightening.<\/p><p>The problems are global, but many of the solutions are local.<\/p><p>Join us on our unique quest for the truth that can literally save our lives. Our water and our earth. The beauty of the world around you.\u00a0<\/p><p>If we understand them better, it will be easier for us to make the right decisions. We will take on the challenge of digging deeper into environmental science, combining knowledge of economics, psychology, sociology and transcendence. There is no magic here - just scientific facts meeting human experience.<\/p><p>Real \u2013 authentic \u2013 \u2026<\/p><p>Here you can find both the recordings of the past shows and the announcement of the next ones with link to YouTube.<\/p>\t\t\t\t\t\t<\/div>\n\t\t\t\t<\/div>\n\t\t\t\t<section class=\"elementor-section elementor-inner-section elementor-element elementor-element-614a8bf elementor-section-boxed elementor-section-height-default elementor-section-height-default\" data-id=\"614a8bf\" data-element_type=\"section\" data-settings=\"{&quot;jet_parallax_layout_list&quot;:[]}\">\n\t\t\t\t\t\t<div class=\"elementor-container elementor-column-gap-default\">\n\t\t\t\t\t<div class=\"elementor-column elementor-col-50 elementor-inner-column elementor-element elementor-element-987e151\" data-id=\"987e151\" data-element_type=\"column\">\n\t\t\t<div class=\"elementor-widget-wrap elementor-element-populated\">\n\t\t\t\t\t\t<div class=\"elementor-element elementor-element-ec39b59 elementor-widget elementor-widget-image\" data-id=\"ec39b59\" data-element_type=\"widget\" data-widget_type=\"image.default\">\n\t\t\t\t<div class=\"elementor-widget-container\">\n\t\t\t\t\t\t\t\t\t\t<figure class=\"wp-caption\">\n\t\t\t\t\t\t\t\t\t\t<img fetchpriority=\"high\" decoding=\"async\" width=\"800\" height=\"954\" src=\"https:\/\/respectmotherearth.com\/wp-content\/uploads\/2022\/10\/Roland-Friedl-859x1024.jpg\" class=\"attachment-large size-large wp-image-39\" alt=\"Roland Friedl - RespectMotherEarth\" srcset=\"https:\/\/respectmotherearth.com\/wp-content\/uploads\/2022\/10\/Roland-Friedl-859x1024.jpg 859w, https:\/\/respectmotherearth.com\/wp-content\/uploads\/2022\/10\/Roland-Friedl-252x300.jpg 252w, https:\/\/respectmotherearth.com\/wp-content\/uploads\/2022\/10\/Roland-Friedl-768x915.jpg 768w, https:\/\/respectmotherearth.com\/wp-content\/uploads\/2022\/10\/Roland-Friedl-10x12.jpg 10w, https:\/\/respectmotherearth.com\/wp-content\/uploads\/2022\/10\/Roland-Friedl.jpg 1241w\" sizes=\"(max-width: 800px) 100vw, 800px\" \/>\t\t\t\t\t\t\t\t\t\t\t<figcaption class=\"widget-image-caption wp-caption-text\">Roland Friedl - Creator &amp; Founder<\/figcaption>\n\t\t\t\t\t\t\t\t\t\t<\/figure>\n\t\t\t\t\t\t\t<\/div>\n\t\t\t\t<\/div>\n\t\t\t\t\t<\/div>\n\t\t<\/div>\n\t\t\t\t<div class=\"elementor-column elementor-col-50 elementor-inner-column elementor-element elementor-element-6ea6ccb\" data-id=\"6ea6ccb\" data-element_type=\"column\">\n\t\t\t<div class=\"elementor-widget-wrap elementor-element-populated\">\n\t\t\t\t\t\t<div class=\"elementor-element elementor-element-589beb5 elementor-widget elementor-widget-image\" data-id=\"589beb5\" data-element_type=\"widget\" data-widget_type=\"image.default\">\n\t\t\t\t<div class=\"elementor-widget-container\">\n\t\t\t\t\t\t\t\t\t\t<figure class=\"wp-caption\">\n\t\t\t\t\t\t\t\t\t\t<img decoding=\"async\" width=\"620\" height=\"740\" src=\"https:\/\/respectmotherearth.com\/wp-content\/uploads\/2022\/10\/Marcin-Kraszewski-1-1.png\" class=\"attachment-large size-large wp-image-380\" alt=\"Marcin Kraszewski\" srcset=\"https:\/\/respectmotherearth.com\/wp-content\/uploads\/2022\/10\/Marcin-Kraszewski-1-1.png 620w, https:\/\/respectmotherearth.com\/wp-content\/uploads\/2022\/10\/Marcin-Kraszewski-1-1-251x300.png 251w, https:\/\/respectmotherearth.com\/wp-content\/uploads\/2022\/10\/Marcin-Kraszewski-1-1-10x12.png 10w\" sizes=\"(max-width: 620px) 100vw, 620px\" \/>\t\t\t\t\t\t\t\t\t\t\t<figcaption class=\"widget-image-caption wp-caption-text\">Marcin Kraszewski - Co-Host<\/figcaption>\n\t\t\t\t\t\t\t\t\t\t<\/figure>\n\t\t\t\t\t\t\t<\/div>\n\t\t\t\t<\/div>\n\t\t\t\t\t<\/div>\n\t\t<\/div>\n\t\t\t\t\t<\/div>\n\t\t<\/section>\n\t\t\t\t\t<\/div>\n\t\t<\/div>\n\t\t\t\t\t<\/div>\n\t\t<\/section>\n\t\t\t\t<\/div>","protected":false},"excerpt":{"rendered":"<p>Auf USA GLOBAL TV &amp; RADIO berichten wir (Marcin und Roland) 2x im Monat (mittwochs um 19 Uhr CET) \u00fcber Themen zum Schutz von Mutter Erde. Wir leben m\u00f6glicherweise in einer noch nie da gewesenen Zeit, in der Prozesse, die gr\u00f6\u00dfer sind, als wir uns vorstellen k\u00f6nnen, aufeinanderprallen und eine neue Realit\u00e4t f\u00fcr unseren Planeten [&hellip;]<\/p>","protected":false},"author":1,"featured_media":0,"parent":0,"menu_order":0,"comment_status":"closed","ping_status":"closed","template":"elementor_header_footer","meta":{"footnotes":""},"class_list":["post-47","page","type-page","status-publish","hentry"],"yoast_head":"<!-- This site is optimized with the Yoast SEO plugin v23.7 - https:\/\/yoast.com\/wordpress\/plugins\/seo\/ -->\n<title>The EARTH Show - Respect Mother Earth<\/title>\n<meta name=\"robots\" content=\"index, follow, max-snippet:-1, max-image-preview:large, max-video-preview:-1\" \/>\n<link rel=\"canonical\" href=\"https:\/\/respectmotherearth.com\/en\/the-earth-show\/\" \/>\n<meta property=\"og:locale\" content=\"en_US\" \/>\n<meta property=\"og:type\" content=\"article\" \/>\n<meta property=\"og:title\" content=\"The EARTH Show - Respect Mother Earth\" \/>\n<meta property=\"og:description\" content=\"Auf USA GLOBAL TV &amp; RADIO berichten wir (Marcin und Roland) 2x im Monat (mittwochs um 19 Uhr CET) \u00fcber Themen zum Schutz von Mutter Erde. Wir leben m\u00f6glicherweise in einer noch nie da gewesenen Zeit, in der Prozesse, die gr\u00f6\u00dfer sind, als wir uns vorstellen k\u00f6nnen, aufeinanderprallen und eine neue Realit\u00e4t f\u00fcr unseren Planeten [&hellip;]\" \/>\n<meta property=\"og:url\" content=\"https:\/\/respectmotherearth.com\/en\/the-earth-show\/\" \/>\n<meta property=\"og:site_name\" content=\"Respect Mother Earth\" \/>\n<meta property=\"article:modified_time\" content=\"2023-01-09T12:00:55+00:00\" \/>\n<meta property=\"og:image\" content=\"https:\/\/respectmotherearth.com\/wp-content\/uploads\/2022\/10\/Roland-Friedl-859x1024.jpg\" \/>\n<meta name=\"twitter:card\" content=\"summary_large_image\" \/>\n<meta name=\"twitter:label1\" content=\"Est. reading time\" \/>\n\t<meta name=\"twitter:data1\" content=\"3 minutes\" \/>\n<script type=\"application\/ld+json\" class=\"yoast-schema-graph\">{\"@context\":\"https:\/\/schema.org\",\"@graph\":[{\"@type\":\"WebPage\",\"@id\":\"https:\/\/respectmotherearth.com\/the-earth-show\/\",\"url\":\"https:\/\/respectmotherearth.com\/the-earth-show\/\",\"name\":\"The EARTH Show - Respect Mother Earth\",\"isPartOf\":{\"@id\":\"https:\/\/respectmotherearth.com\/#website\"},\"primaryImageOfPage\":{\"@id\":\"https:\/\/respectmotherearth.com\/the-earth-show\/#primaryimage\"},\"image\":{\"@id\":\"https:\/\/respectmotherearth.com\/the-earth-show\/#primaryimage\"},\"thumbnailUrl\":\"https:\/\/respectmotherearth.com\/wp-content\/uploads\/2022\/10\/Roland-Friedl-859x1024.jpg\",\"datePublished\":\"2022-10-16T12:10:07+00:00\",\"dateModified\":\"2023-01-09T12:00:55+00:00\",\"breadcrumb\":{\"@id\":\"https:\/\/respectmotherearth.com\/the-earth-show\/#breadcrumb\"},\"inLanguage\":\"en-US\",\"potentialAction\":[{\"@type\":\"ReadAction\",\"target\":[\"https:\/\/respectmotherearth.com\/the-earth-show\/\"]}]},{\"@type\":\"ImageObject\",\"inLanguage\":\"en-US\",\"@id\":\"https:\/\/respectmotherearth.com\/the-earth-show\/#primaryimage\",\"url\":\"https:\/\/respectmotherearth.com\/wp-content\/uploads\/2022\/10\/Roland-Friedl-859x1024.jpg\",\"contentUrl\":\"https:\/\/respectmotherearth.com\/wp-content\/uploads\/2022\/10\/Roland-Friedl-859x1024.jpg\"},{\"@type\":\"BreadcrumbList\",\"@id\":\"https:\/\/respectmotherearth.com\/the-earth-show\/#breadcrumb\",\"itemListElement\":[{\"@type\":\"ListItem\",\"position\":1,\"name\":\"Startseite\",\"item\":\"https:\/\/respectmotherearth.com\/\"},{\"@type\":\"ListItem\",\"position\":2,\"name\":\"The EARTH Show\"}]},{\"@type\":\"WebSite\",\"@id\":\"https:\/\/respectmotherearth.com\/#website\",\"url\":\"https:\/\/respectmotherearth.com\/\",\"name\":\"Respect Mother Earth\",\"description\":\"\",\"potentialAction\":[{\"@type\":\"SearchAction\",\"target\":{\"@type\":\"EntryPoint\",\"urlTemplate\":\"https:\/\/respectmotherearth.com\/?s={search_term_string}\"},\"query-input\":{\"@type\":\"PropertyValueSpecification\",\"valueRequired\":true,\"valueName\":\"search_term_string\"}}],\"inLanguage\":\"en-US\"}]}<\/script>\n<!-- \/ Yoast SEO plugin. -->","yoast_head_json":{"title":"The EARTH Show - Respect Mother Earth","robots":{"index":"index","follow":"follow","max-snippet":"max-snippet:-1","max-image-preview":"max-image-preview:large","max-video-preview":"max-video-preview:-1"},"canonical":"https:\/\/respectmotherearth.com\/en\/the-earth-show\/","og_locale":"en_US","og_type":"article","og_title":"The EARTH Show - Respect Mother Earth","og_description":"Auf USA GLOBAL TV &amp; RADIO berichten wir (Marcin und Roland) 2x im Monat (mittwochs um 19 Uhr CET) \u00fcber Themen zum Schutz von Mutter Erde. Wir leben m\u00f6glicherweise in einer noch nie da gewesenen Zeit, in der Prozesse, die gr\u00f6\u00dfer sind, als wir uns vorstellen k\u00f6nnen, aufeinanderprallen und eine neue Realit\u00e4t f\u00fcr unseren Planeten [&hellip;]","og_url":"https:\/\/respectmotherearth.com\/en\/the-earth-show\/","og_site_name":"Respect Mother Earth","article_modified_time":"2023-01-09T12:00:55+00:00","og_image":[{"url":"https:\/\/respectmotherearth.com\/wp-content\/uploads\/2022\/10\/Roland-Friedl-859x1024.jpg"}],"twitter_card":"summary_large_image","twitter_misc":{"Est. reading time":"3 minutes"},"schema":{"@context":"https:\/\/schema.org","@graph":[{"@type":"WebPage","@id":"https:\/\/respectmotherearth.com\/the-earth-show\/","url":"https:\/\/respectmotherearth.com\/the-earth-show\/","name":"The EARTH Show - Respect Mother Earth","isPartOf":{"@id":"https:\/\/respectmotherearth.com\/#website"},"primaryImageOfPage":{"@id":"https:\/\/respectmotherearth.com\/the-earth-show\/#primaryimage"},"image":{"@id":"https:\/\/respectmotherearth.com\/the-earth-show\/#primaryimage"},"thumbnailUrl":"https:\/\/respectmotherearth.com\/wp-content\/uploads\/2022\/10\/Roland-Friedl-859x1024.jpg","datePublished":"2022-10-16T12:10:07+00:00","dateModified":"2023-01-09T12:00:55+00:00","breadcrumb":{"@id":"https:\/\/respectmotherearth.com\/the-earth-show\/#breadcrumb"},"inLanguage":"en-US","potentialAction":[{"@type":"ReadAction","target":["https:\/\/respectmotherearth.com\/the-earth-show\/"]}]},{"@type":"ImageObject","inLanguage":"en-US","@id":"https:\/\/respectmotherearth.com\/the-earth-show\/#primaryimage","url":"https:\/\/respectmotherearth.com\/wp-content\/uploads\/2022\/10\/Roland-Friedl-859x1024.jpg","contentUrl":"https:\/\/respectmotherearth.com\/wp-content\/uploads\/2022\/10\/Roland-Friedl-859x1024.jpg"},{"@type":"BreadcrumbList","@id":"https:\/\/respectmotherearth.com\/the-earth-show\/#breadcrumb","itemListElement":[{"@type":"ListItem","position":1,"name":"Startseite","item":"https:\/\/respectmotherearth.com\/"},{"@type":"ListItem","position":2,"name":"The EARTH Show"}]},{"@type":"WebSite","@id":"https:\/\/respectmotherearth.com\/#website","url":"https:\/\/respectmotherearth.com\/","name":"Respect Mother Earth","description":"","potentialAction":[{"@type":"SearchAction","target":{"@type":"EntryPoint","urlTemplate":"https:\/\/respectmotherearth.com\/?s={search_term_string}"},"query-input":{"@type":"PropertyValueSpecification","valueRequired":true,"valueName":"search_term_string"}}],"inLanguage":"en-US"}]}},"_links":{"self":[{"href":"https:\/\/respectmotherearth.com\/en\/wp-json\/wp\/v2\/pages\/47","targetHints":{"allow":["GET"]}}],"collection":[{"href":"https:\/\/respectmotherearth.com\/en\/wp-json\/wp\/v2\/pages"}],"about":[{"href":"https:\/\/respectmotherearth.com\/en\/wp-json\/wp\/v2\/types\/page"}],"author":[{"embeddable":true,"href":"https:\/\/respectmotherearth.com\/en\/wp-json\/wp\/v2\/users\/1"}],"replies":[{"embeddable":true,"href":"https:\/\/respectmotherearth.com\/en\/wp-json\/wp\/v2\/comments?post=47"}],"version-history":[{"count":45,"href":"https:\/\/respectmotherearth.com\/en\/wp-json\/wp\/v2\/pages\/47\/revisions"}],"predecessor-version":[{"id":411,"href":"https:\/\/respectmotherearth.com\/en\/wp-json\/wp\/v2\/pages\/47\/revisions\/411"}],"wp:attachment":[{"href":"https:\/\/respectmotherearth.com\/en\/wp-json\/wp\/v2\/media?parent=47"}],"curies":[{"name":"wp","href":"https:\/\/api.w.org\/{rel}","templated":true}]}}