{"id":45,"date":"2022-10-16T14:09:52","date_gmt":"2022-10-16T12:09:52","guid":{"rendered":"https:\/\/respectmotherearth.com\/?page_id=45"},"modified":"2022-10-17T11:15:31","modified_gmt":"2022-10-17T09:15:31","slug":"blog","status":"publish","type":"page","link":"https:\/\/respectmotherearth.com\/en\/blog\/","title":{"rendered":"Blog"},"content":{"rendered":"<div data-elementor-type=\"wp-page\" data-elementor-id=\"45\" class=\"elementor elementor-45\" data-elementor-post-type=\"page\">\n\t\t\t\t\t\t<section class=\"elementor-section elementor-top-section elementor-element elementor-element-5a3722f5 elementor-section-full_width elementor-section-height-min-height elementor-section-items-stretch elementor-section-height-default\" data-id=\"5a3722f5\" data-element_type=\"section\" data-settings=\"{&quot;background_background&quot;:&quot;classic&quot;,&quot;jet_parallax_layout_list&quot;:[]}\">\n\t\t\t\t\t\t<div class=\"elementor-container elementor-column-gap-default\">\n\t\t\t\t\t<div class=\"elementor-column elementor-col-50 elementor-top-column elementor-element elementor-element-14eeef8d\" data-id=\"14eeef8d\" data-element_type=\"column\" data-settings=\"{&quot;background_background&quot;:&quot;classic&quot;}\">\n\t\t\t<div class=\"elementor-widget-wrap elementor-element-populated\">\n\t\t\t\t\t\t<div class=\"elementor-element elementor-element-395bbccf elementor-widget elementor-widget-spacer\" data-id=\"395bbccf\" data-element_type=\"widget\" data-widget_type=\"spacer.default\">\n\t\t\t\t<div class=\"elementor-widget-container\">\n\t\t\t\t\t<div class=\"elementor-spacer\">\n\t\t\t<div class=\"elementor-spacer-inner\"><\/div>\n\t\t<\/div>\n\t\t\t\t<\/div>\n\t\t\t\t<\/div>\n\t\t\t\t\t<\/div>\n\t\t<\/div>\n\t\t\t\t<div class=\"elementor-column elementor-col-50 elementor-top-column elementor-element elementor-element-21592252\" data-id=\"21592252\" data-element_type=\"column\" data-settings=\"{&quot;background_background&quot;:&quot;classic&quot;}\">\n\t\t\t<div class=\"elementor-widget-wrap elementor-element-populated\">\n\t\t\t\t\t\t<section class=\"elementor-section elementor-inner-section elementor-element elementor-element-3a5be43d elementor-section-full_width elementor-section-height-default elementor-section-height-default\" data-id=\"3a5be43d\" data-element_type=\"section\" data-settings=\"{&quot;jet_parallax_layout_list&quot;:[]}\">\n\t\t\t\t\t\t<div class=\"elementor-container elementor-column-gap-default\">\n\t\t\t\t\t<div class=\"elementor-column elementor-col-100 elementor-inner-column elementor-element elementor-element-1244fe5c\" data-id=\"1244fe5c\" data-element_type=\"column\">\n\t\t\t<div class=\"elementor-widget-wrap elementor-element-populated\">\n\t\t\t\t\t\t<div class=\"elementor-element elementor-element-1ee48674 elementor-invisible elementor-widget elementor-widget-heading\" data-id=\"1ee48674\" data-element_type=\"widget\" data-settings=\"{&quot;_animation&quot;:&quot;fadeInUp&quot;}\" data-widget_type=\"heading.default\">\n\t\t\t\t<div class=\"elementor-widget-container\">\n\t\t\t<h2 class=\"elementor-heading-title elementor-size-large\">Blog<\/h2>\t\t<\/div>\n\t\t\t\t<\/div>\n\t\t\t\t<div class=\"elementor-element elementor-element-629bae16 elementor-invisible elementor-widget elementor-widget-text-editor\" data-id=\"629bae16\" data-element_type=\"widget\" data-settings=\"{&quot;_animation&quot;:&quot;fadeIn&quot;}\" data-widget_type=\"text-editor.default\">\n\t\t\t\t<div class=\"elementor-widget-container\">\n\t\t\t\t\t\t\t<p>You want to contribute? We welcome interesting blog articles for our website as well as your financial support.<\/p>\t\t\t\t\t\t<\/div>\n\t\t\t\t<\/div>\n\t\t\t\t<div class=\"elementor-element elementor-element-2dd2c0f1 elementor-widget elementor-widget-spacer\" data-id=\"2dd2c0f1\" data-element_type=\"widget\" data-widget_type=\"spacer.default\">\n\t\t\t\t<div class=\"elementor-widget-container\">\n\t\t\t\t\t<div class=\"elementor-spacer\">\n\t\t\t<div class=\"elementor-spacer-inner\"><\/div>\n\t\t<\/div>\n\t\t\t\t<\/div>\n\t\t\t\t<\/div>\n\t\t\t\t<div class=\"elementor-element elementor-element-b84c9d5 elementor-position-left elementor-view-default elementor-mobile-position-top elementor-vertical-align-top elementor-widget elementor-widget-icon-box\" data-id=\"b84c9d5\" data-element_type=\"widget\" data-widget_type=\"icon-box.default\">\n\t\t\t\t<div class=\"elementor-widget-container\">\n\t\t\t\t\t<div class=\"elementor-icon-box-wrapper\">\n\n\t\t\t\t\t\t<div class=\"elementor-icon-box-icon\">\n\t\t\t\t<span  class=\"elementor-icon elementor-animation-\">\n\t\t\t\t<i aria-hidden=\"true\" class=\"fas fa-pen-fancy\"><\/i>\t\t\t\t<\/span>\n\t\t\t<\/div>\n\t\t\t\n\t\t\t\t\t\t<div class=\"elementor-icon-box-content\">\n\n\t\t\t\t\t\t\t\t\t<h3 class=\"elementor-icon-box-title\">\n\t\t\t\t\t\t<span  >\n\t\t\t\t\t\t\tBlog\t\t\t\t\t\t<\/span>\n\t\t\t\t\t<\/h3>\n\t\t\t\t\n\t\t\t\t\t\t\t\t\t<p class=\"elementor-icon-box-description\">\n\t\t\t\t\t\tPlease send us your article by e-mail to <a href=\"mailto:contact@RespectMotherEarth.com\">mailto:contact@RespectMotherEarth.com<\/a> \t\t\t\t\t<\/p>\n\t\t\t\t\n\t\t\t<\/div>\n\t\t\t\n\t\t<\/div>\n\t\t\t\t<\/div>\n\t\t\t\t<\/div>\n\t\t\t\t\t<\/div>\n\t\t<\/div>\n\t\t\t\t\t<\/div>\n\t\t<\/section>\n\t\t\t\t\t<\/div>\n\t\t<\/div>\n\t\t\t\t\t<\/div>\n\t\t<\/section>\n\t\t<!-- hidden section 45-26774a0 -->\t\t<\/div>","protected":false},"excerpt":{"rendered":"<p>Blog You want to contribute? We welcome interesting blog articles for our website as well as your financial support. Blog articles Please send us your article by e-mail to contact@RespectMotherEarth.com.<\/p>","protected":false},"author":1,"featured_media":0,"parent":0,"menu_order":0,"comment_status":"closed","ping_status":"closed","template":"elementor_header_footer","meta":{"footnotes":""},"class_list":["post-45","page","type-page","status-publish","hentry"],"yoast_head":"<!-- This site is optimized with the Yoast SEO plugin v23.7 - https:\/\/yoast.com\/wordpress\/plugins\/seo\/ -->\n<title>Blog - Respect Mother Earth<\/title>\n<meta name=\"robots\" content=\"index, follow, max-snippet:-1, max-image-preview:large, max-video-preview:-1\" \/>\n<link rel=\"canonical\" href=\"https:\/\/respectmotherearth.com\/en\/blog\/\" \/>\n<meta property=\"og:locale\" content=\"en_US\" \/>\n<meta property=\"og:type\" content=\"article\" \/>\n<meta property=\"og:title\" content=\"Blog - Respect Mother Earth\" \/>\n<meta property=\"og:description\" content=\"Blog Du willst einen Beitrag leisten? Wir freuen uns \u00fcber interessante Blog-Artikel f\u00fcr unsere Webseite sowie \u00fcber Deine finanzielle Unterst\u00fctzung. Blogartikel Bitte sende uns deinen Artikel per E-Mail an contact@RespectMotherEarth.com\" \/>\n<meta property=\"og:url\" content=\"https:\/\/respectmotherearth.com\/en\/blog\/\" \/>\n<meta property=\"og:site_name\" content=\"Respect Mother Earth\" \/>\n<meta property=\"article:modified_time\" content=\"2022-10-17T09:15:31+00:00\" \/>\n<meta name=\"twitter:card\" content=\"summary_large_image\" \/>\n<meta name=\"twitter:label1\" content=\"Est. reading time\" \/>\n\t<meta name=\"twitter:data1\" content=\"1 minute\" \/>\n<script type=\"application\/ld+json\" class=\"yoast-schema-graph\">{\"@context\":\"https:\/\/schema.org\",\"@graph\":[{\"@type\":\"WebPage\",\"@id\":\"https:\/\/respectmotherearth.com\/blog\/\",\"url\":\"https:\/\/respectmotherearth.com\/blog\/\",\"name\":\"Blog - Respect Mother Earth\",\"isPartOf\":{\"@id\":\"https:\/\/respectmotherearth.com\/#website\"},\"datePublished\":\"2022-10-16T12:09:52+00:00\",\"dateModified\":\"2022-10-17T09:15:31+00:00\",\"breadcrumb\":{\"@id\":\"https:\/\/respectmotherearth.com\/blog\/#breadcrumb\"},\"inLanguage\":\"en-US\",\"potentialAction\":[{\"@type\":\"ReadAction\",\"target\":[\"https:\/\/respectmotherearth.com\/blog\/\"]}]},{\"@type\":\"BreadcrumbList\",\"@id\":\"https:\/\/respectmotherearth.com\/blog\/#breadcrumb\",\"itemListElement\":[{\"@type\":\"ListItem\",\"position\":1,\"name\":\"Startseite\",\"item\":\"https:\/\/respectmotherearth.com\/\"},{\"@type\":\"ListItem\",\"position\":2,\"name\":\"Blog\"}]},{\"@type\":\"WebSite\",\"@id\":\"https:\/\/respectmotherearth.com\/#website\",\"url\":\"https:\/\/respectmotherearth.com\/\",\"name\":\"Respect Mother Earth\",\"description\":\"\",\"potentialAction\":[{\"@type\":\"SearchAction\",\"target\":{\"@type\":\"EntryPoint\",\"urlTemplate\":\"https:\/\/respectmotherearth.com\/?s={search_term_string}\"},\"query-input\":{\"@type\":\"PropertyValueSpecification\",\"valueRequired\":true,\"valueName\":\"search_term_string\"}}],\"inLanguage\":\"en-US\"}]}<\/script>\n<!-- \/ Yoast SEO plugin. -->","yoast_head_json":{"title":"Blog - Respect Mother Earth","robots":{"index":"index","follow":"follow","max-snippet":"max-snippet:-1","max-image-preview":"max-image-preview:large","max-video-preview":"max-video-preview:-1"},"canonical":"https:\/\/respectmotherearth.com\/en\/blog\/","og_locale":"en_US","og_type":"article","og_title":"Blog - Respect Mother Earth","og_description":"Blog Du willst einen Beitrag leisten? Wir freuen uns \u00fcber interessante Blog-Artikel f\u00fcr unsere Webseite sowie \u00fcber Deine finanzielle Unterst\u00fctzung. Blogartikel Bitte sende uns deinen Artikel per E-Mail an contact@RespectMotherEarth.com","og_url":"https:\/\/respectmotherearth.com\/en\/blog\/","og_site_name":"Respect Mother Earth","article_modified_time":"2022-10-17T09:15:31+00:00","twitter_card":"summary_large_image","twitter_misc":{"Est. reading time":"1 minute"},"schema":{"@context":"https:\/\/schema.org","@graph":[{"@type":"WebPage","@id":"https:\/\/respectmotherearth.com\/blog\/","url":"https:\/\/respectmotherearth.com\/blog\/","name":"Blog - Respect Mother Earth","isPartOf":{"@id":"https:\/\/respectmotherearth.com\/#website"},"datePublished":"2022-10-16T12:09:52+00:00","dateModified":"2022-10-17T09:15:31+00:00","breadcrumb":{"@id":"https:\/\/respectmotherearth.com\/blog\/#breadcrumb"},"inLanguage":"en-US","potentialAction":[{"@type":"ReadAction","target":["https:\/\/respectmotherearth.com\/blog\/"]}]},{"@type":"BreadcrumbList","@id":"https:\/\/respectmotherearth.com\/blog\/#breadcrumb","itemListElement":[{"@type":"ListItem","position":1,"name":"Startseite","item":"https:\/\/respectmotherearth.com\/"},{"@type":"ListItem","position":2,"name":"Blog"}]},{"@type":"WebSite","@id":"https:\/\/respectmotherearth.com\/#website","url":"https:\/\/respectmotherearth.com\/","name":"Respect Mother Earth","description":"","potentialAction":[{"@type":"SearchAction","target":{"@type":"EntryPoint","urlTemplate":"https:\/\/respectmotherearth.com\/?s={search_term_string}"},"query-input":{"@type":"PropertyValueSpecification","valueRequired":true,"valueName":"search_term_string"}}],"inLanguage":"en-US"}]}},"_links":{"self":[{"href":"https:\/\/respectmotherearth.com\/en\/wp-json\/wp\/v2\/pages\/45","targetHints":{"allow":["GET"]}}],"collection":[{"href":"https:\/\/respectmotherearth.com\/en\/wp-json\/wp\/v2\/pages"}],"about":[{"href":"https:\/\/respectmotherearth.com\/en\/wp-json\/wp\/v2\/types\/page"}],"author":[{"embeddable":true,"href":"https:\/\/respectmotherearth.com\/en\/wp-json\/wp\/v2\/users\/1"}],"replies":[{"embeddable":true,"href":"https:\/\/respectmotherearth.com\/en\/wp-json\/wp\/v2\/comments?post=45"}],"version-history":[{"count":19,"href":"https:\/\/respectmotherearth.com\/en\/wp-json\/wp\/v2\/pages\/45\/revisions"}],"predecessor-version":[{"id":335,"href":"https:\/\/respectmotherearth.com\/en\/wp-json\/wp\/v2\/pages\/45\/revisions\/335"}],"wp:attachment":[{"href":"https:\/\/respectmotherearth.com\/en\/wp-json\/wp\/v2\/media?parent=45"}],"curies":[{"name":"wp","href":"https:\/\/api.w.org\/{rel}","templated":true}]}}