{"id":24,"date":"2022-10-16T13:25:14","date_gmt":"2022-10-16T11:25:14","guid":{"rendered":"https:\/\/respectmotherearth.com\/?page_id=24"},"modified":"2022-10-17T11:51:11","modified_gmt":"2022-10-17T09:51:11","slug":"impressum","status":"publish","type":"page","link":"https:\/\/respectmotherearth.com\/en\/impressum\/","title":{"rendered":"Impressum"},"content":{"rendered":"<div data-elementor-type=\"wp-page\" data-elementor-id=\"24\" class=\"elementor elementor-24\" data-elementor-post-type=\"page\">\n\t\t\t\t\t\t<section class=\"elementor-section elementor-top-section elementor-element elementor-element-60d70a4 elementor-section-boxed elementor-section-height-default elementor-section-height-default\" data-id=\"60d70a4\" data-element_type=\"section\" data-settings=\"{&quot;jet_parallax_layout_list&quot;:[]}\">\n\t\t\t\t\t\t<div class=\"elementor-container elementor-column-gap-default\">\n\t\t\t\t\t<div class=\"elementor-column elementor-col-100 elementor-top-column elementor-element elementor-element-7650ea9\" data-id=\"7650ea9\" data-element_type=\"column\">\n\t\t\t<div class=\"elementor-widget-wrap elementor-element-populated\">\n\t\t\t\t\t\t<div class=\"elementor-element elementor-element-6b1245a elementor-widget elementor-widget-text-editor\" data-id=\"6b1245a\" data-element_type=\"widget\" data-widget_type=\"text-editor.default\">\n\t\t\t\t<div class=\"elementor-widget-container\">\n\t\t\t\t\t\t\t<div class=\"elementor-element elementor-element-bb31689 elementor-widget elementor-widget-heading\" data-id=\"bb31689\" data-element_type=\"widget\" data-widget_type=\"heading.default\"><div class=\"elementor-widget-container\"><h1 class=\"elementor-heading-title elementor-size-default\">Impressum<\/h1><\/div><\/div><div class=\"elementor-element elementor-element-3550eef elementor-widget elementor-widget-shortcode\" data-id=\"3550eef\" data-element_type=\"widget\" data-widget_type=\"shortcode.default\"><div class=\"elementor-widget-container\"><div class=\"elementor-shortcode\"><p><b>Angaben gem\u00e4\u00df \u00a7 5 TMG<\/b><\/p><p>ASRO CONSULTING AG<br \/>Peter B\u00fchler<br \/>HURDENERW\u00c4LDLISTRASSE 24<br \/>CH-8808 PF\u00c4FFIKON<br \/>Schweiz<\/p><p><b>Vertreten durch:<\/b> Peter B\u00fchler<\/p><p><b>Kontakt:<\/b><\/p><p>E-Mail: office@sparrtner-performance.com<\/p><p><b>Umsatzsteuernummer:<\/b> CHE-115.107.185<\/p><p><b>Verantwortlich f\u00fcr den Inhalt nach \u00a7 55 Abs. 2 RStV:<\/b><br \/>Roland Friedl<\/p><p><b>Haftungsausschluss<\/b><\/p><p><b>Haftung f\u00fcr Links:<\/b><br \/>Unser Angebot enth\u00e4lt Links zu externen Webseiten Dritter, auf deren Inhalte wir keinen Einfluss haben. Deshalb k\u00f6nnen wir f\u00fcr diese fremden Inhalte auch keine Gew\u00e4hr \u00fcbernehmen. F\u00fcr die Inhalte der verlinkten Seiten ist stets der jeweilige Anbieter oder Betreiber der Seiten verantwortlich. Die verlinkten Seiten wurden zum Zeitpunkt der Verlinkung auf m\u00f6gliche Rechtsverst\u00f6\u00dfe \u00fcberpr\u00fcft. Rechtswidrige Inhalte waren zum Zeitpunkt der Verlinkung nicht erkennbar. Eine permanente inhaltliche Kontrolle der verlinkten Seiten ist jedoch ohne konkrete Anhaltspunkte einer Rechtsverletzung nicht zumutbar. Bei Bekanntwerden von Rechtsverletzungen werden wir derartige Links umgehend entfernen.<\/p><p><b>Liability for content:<\/b><br \/>Die Inhalte unserer Seiten wurden mit gr\u00f6\u00dfter Sorgfalt erstellt. F\u00fcr die Richtigkeit, Vollst\u00e4ndigkeit und Aktualit\u00e4t der Inhalte k\u00f6nnen wir jedoch keine Gew\u00e4hr \u00fcbernehmen. Als Diensteanbieter sind wir gem\u00e4\u00df \u00a7 7 Abs.1 TMG f\u00fcr eigene Inhalte auf diesen Seiten nach den allgemeinen Gesetzen verantwortlich. Nach \u00a7 8 bis 10 TMG sind wir als Diensteanbieter jedoch nicht verpflichtet, \u00fcbermittelte oder gespeicherte fremde Informationen zu \u00fcberwachen oder nach Umst\u00e4nden zu forschen, die auf eine rechtswidrige T\u00e4tigkeit hinweisen. Verpflichtungen zur Entfernung oder Sperrung der Nutzung von Informationen nach den allgemeinen Gesetzen bleiben hiervon unber\u00fchrt. Eine diesbez\u00fcgliche Haftung ist jedoch erst ab dem Zeitpunkt der Kenntnis einer konkreten Rechtsverletzung m\u00f6glich. Bei Bekanntwerden von entsprechenden Rechtsverletzungen werden wir diese Inhalte umgehend entfernen.<\/p><p><b>Urheberrecht<\/b><br \/>Die durch die Seitenbetreiber erstellten Inhalte und Werke auf diesen Seiten unterliegen dem deutschen Urheberrecht. Die Vervielf\u00e4ltigung, Bearbeitung, Verbreitung und jede Art der Verwertung au\u00dferhalb der Grenzen des Urheberrechtes bed\u00fcrfen der schriftlichen Zustimmung des jeweiligen Autors bzw. Erstellers. Downloads und Kopien dieser Seite sind nur f\u00fcr den privaten, nicht kommerziellen Gebrauch gestattet. Soweit die Inhalte auf dieser Seite nicht vom Betreiber erstellt wurden, werden die Urheberrechte Dritter beachtet. Insbesondere werden Inhalte Dritter als solche gekennzeichnet. Sollten Sie trotzdem auf eine Urheberrechtsverletzung aufmerksam werden, bitten wir um einen entsprechenden Hinweis. Bei Bekanntwerden von Rechtsverletzungen werden wir derartige Inhalte umgehend entfernen.<\/p><\/div><\/div><\/div>\t\t\t\t\t\t<\/div>\n\t\t\t\t<\/div>\n\t\t\t\t\t<\/div>\n\t\t<\/div>\n\t\t\t\t\t<\/div>\n\t\t<\/section>\n\t\t\t\t<\/div>","protected":false},"excerpt":{"rendered":"<p>Impressum Angaben gem\u00e4\u00df \u00a7 5 TMG ASRO CONSULTING AGPeter B\u00fchlerHURDENERW\u00c4LDLISTRASSE 24CH-8808 PF\u00c4FFIKONSchweiz Vertreten durch: Peter B\u00fchler Kontakt: E-Mail: office@sparrtner-performance.com Umsatzsteuernummer: CHE-115.107.185 Verantwortlich f\u00fcr den Inhalt nach \u00a7 55 Abs. 2 RStV:Roland Friedl Haftungsausschluss Haftung f\u00fcr Links:Unser Angebot enth\u00e4lt Links zu externen Webseiten Dritter, auf deren Inhalte wir keinen Einfluss haben. Deshalb k\u00f6nnen wir f\u00fcr diese [&hellip;]<\/p>","protected":false},"author":1,"featured_media":0,"parent":0,"menu_order":0,"comment_status":"closed","ping_status":"closed","template":"elementor_header_footer","meta":{"footnotes":""},"class_list":["post-24","page","type-page","status-publish","hentry"],"yoast_head":"<!-- This site is optimized with the Yoast SEO plugin v23.7 - https:\/\/yoast.com\/wordpress\/plugins\/seo\/ -->\n<title>Impressum - Respect Mother Earth<\/title>\n<meta name=\"robots\" content=\"index, follow, max-snippet:-1, max-image-preview:large, max-video-preview:-1\" \/>\n<link rel=\"canonical\" href=\"https:\/\/respectmotherearth.com\/en\/impressum\/\" \/>\n<meta property=\"og:locale\" content=\"en_US\" \/>\n<meta property=\"og:type\" content=\"article\" \/>\n<meta property=\"og:title\" content=\"Impressum - Respect Mother Earth\" \/>\n<meta property=\"og:description\" content=\"Impressum Angaben gem\u00e4\u00df \u00a7 5 TMG ASRO CONSULTING AGPeter B\u00fchlerHURDENERW\u00c4LDLISTRASSE 24CH-8808 PF\u00c4FFIKONSchweiz Vertreten durch: Peter B\u00fchler Kontakt: E-Mail: office@sparrtner-performance.com Umsatzsteuernummer: CHE-115.107.185 Verantwortlich f\u00fcr den Inhalt nach \u00a7 55 Abs. 2 RStV:Roland Friedl Haftungsausschluss Haftung f\u00fcr Links:Unser Angebot enth\u00e4lt Links zu externen Webseiten Dritter, auf deren Inhalte wir keinen Einfluss haben. Deshalb k\u00f6nnen wir f\u00fcr diese [&hellip;]\" \/>\n<meta property=\"og:url\" content=\"https:\/\/respectmotherearth.com\/en\/impressum\/\" \/>\n<meta property=\"og:site_name\" content=\"Respect Mother Earth\" \/>\n<meta property=\"article:modified_time\" content=\"2022-10-17T09:51:11+00:00\" \/>\n<meta name=\"twitter:card\" content=\"summary_large_image\" \/>\n<meta name=\"twitter:label1\" content=\"Est. reading time\" \/>\n\t<meta name=\"twitter:data1\" content=\"4 minutes\" \/>\n<script type=\"application\/ld+json\" class=\"yoast-schema-graph\">{\"@context\":\"https:\/\/schema.org\",\"@graph\":[{\"@type\":\"WebPage\",\"@id\":\"https:\/\/respectmotherearth.com\/impressum\/\",\"url\":\"https:\/\/respectmotherearth.com\/impressum\/\",\"name\":\"Impressum - Respect Mother Earth\",\"isPartOf\":{\"@id\":\"https:\/\/respectmotherearth.com\/#website\"},\"datePublished\":\"2022-10-16T11:25:14+00:00\",\"dateModified\":\"2022-10-17T09:51:11+00:00\",\"breadcrumb\":{\"@id\":\"https:\/\/respectmotherearth.com\/impressum\/#breadcrumb\"},\"inLanguage\":\"en-US\",\"potentialAction\":[{\"@type\":\"ReadAction\",\"target\":[\"https:\/\/respectmotherearth.com\/impressum\/\"]}]},{\"@type\":\"BreadcrumbList\",\"@id\":\"https:\/\/respectmotherearth.com\/impressum\/#breadcrumb\",\"itemListElement\":[{\"@type\":\"ListItem\",\"position\":1,\"name\":\"Startseite\",\"item\":\"https:\/\/respectmotherearth.com\/\"},{\"@type\":\"ListItem\",\"position\":2,\"name\":\"Impressum\"}]},{\"@type\":\"WebSite\",\"@id\":\"https:\/\/respectmotherearth.com\/#website\",\"url\":\"https:\/\/respectmotherearth.com\/\",\"name\":\"Respect Mother Earth\",\"description\":\"\",\"potentialAction\":[{\"@type\":\"SearchAction\",\"target\":{\"@type\":\"EntryPoint\",\"urlTemplate\":\"https:\/\/respectmotherearth.com\/?s={search_term_string}\"},\"query-input\":{\"@type\":\"PropertyValueSpecification\",\"valueRequired\":true,\"valueName\":\"search_term_string\"}}],\"inLanguage\":\"en-US\"}]}<\/script>\n<!-- \/ Yoast SEO plugin. -->","yoast_head_json":{"title":"Impressum - Respect Mother Earth","robots":{"index":"index","follow":"follow","max-snippet":"max-snippet:-1","max-image-preview":"max-image-preview:large","max-video-preview":"max-video-preview:-1"},"canonical":"https:\/\/respectmotherearth.com\/en\/impressum\/","og_locale":"en_US","og_type":"article","og_title":"Impressum - Respect Mother Earth","og_description":"Impressum Angaben gem\u00e4\u00df \u00a7 5 TMG ASRO CONSULTING AGPeter B\u00fchlerHURDENERW\u00c4LDLISTRASSE 24CH-8808 PF\u00c4FFIKONSchweiz Vertreten durch: Peter B\u00fchler Kontakt: E-Mail: office@sparrtner-performance.com Umsatzsteuernummer: CHE-115.107.185 Verantwortlich f\u00fcr den Inhalt nach \u00a7 55 Abs. 2 RStV:Roland Friedl Haftungsausschluss Haftung f\u00fcr Links:Unser Angebot enth\u00e4lt Links zu externen Webseiten Dritter, auf deren Inhalte wir keinen Einfluss haben. Deshalb k\u00f6nnen wir f\u00fcr diese [&hellip;]","og_url":"https:\/\/respectmotherearth.com\/en\/impressum\/","og_site_name":"Respect Mother Earth","article_modified_time":"2022-10-17T09:51:11+00:00","twitter_card":"summary_large_image","twitter_misc":{"Est. reading time":"4 minutes"},"schema":{"@context":"https:\/\/schema.org","@graph":[{"@type":"WebPage","@id":"https:\/\/respectmotherearth.com\/impressum\/","url":"https:\/\/respectmotherearth.com\/impressum\/","name":"Impressum - Respect Mother Earth","isPartOf":{"@id":"https:\/\/respectmotherearth.com\/#website"},"datePublished":"2022-10-16T11:25:14+00:00","dateModified":"2022-10-17T09:51:11+00:00","breadcrumb":{"@id":"https:\/\/respectmotherearth.com\/impressum\/#breadcrumb"},"inLanguage":"en-US","potentialAction":[{"@type":"ReadAction","target":["https:\/\/respectmotherearth.com\/impressum\/"]}]},{"@type":"BreadcrumbList","@id":"https:\/\/respectmotherearth.com\/impressum\/#breadcrumb","itemListElement":[{"@type":"ListItem","position":1,"name":"Startseite","item":"https:\/\/respectmotherearth.com\/"},{"@type":"ListItem","position":2,"name":"Impressum"}]},{"@type":"WebSite","@id":"https:\/\/respectmotherearth.com\/#website","url":"https:\/\/respectmotherearth.com\/","name":"Respect Mother Earth","description":"","potentialAction":[{"@type":"SearchAction","target":{"@type":"EntryPoint","urlTemplate":"https:\/\/respectmotherearth.com\/?s={search_term_string}"},"query-input":{"@type":"PropertyValueSpecification","valueRequired":true,"valueName":"search_term_string"}}],"inLanguage":"en-US"}]}},"_links":{"self":[{"href":"https:\/\/respectmotherearth.com\/en\/wp-json\/wp\/v2\/pages\/24","targetHints":{"allow":["GET"]}}],"collection":[{"href":"https:\/\/respectmotherearth.com\/en\/wp-json\/wp\/v2\/pages"}],"about":[{"href":"https:\/\/respectmotherearth.com\/en\/wp-json\/wp\/v2\/types\/page"}],"author":[{"embeddable":true,"href":"https:\/\/respectmotherearth.com\/en\/wp-json\/wp\/v2\/users\/1"}],"replies":[{"embeddable":true,"href":"https:\/\/respectmotherearth.com\/en\/wp-json\/wp\/v2\/comments?post=24"}],"version-history":[{"count":10,"href":"https:\/\/respectmotherearth.com\/en\/wp-json\/wp\/v2\/pages\/24\/revisions"}],"predecessor-version":[{"id":361,"href":"https:\/\/respectmotherearth.com\/en\/wp-json\/wp\/v2\/pages\/24\/revisions\/361"}],"wp:attachment":[{"href":"https:\/\/respectmotherearth.com\/en\/wp-json\/wp\/v2\/media?parent=24"}],"curies":[{"name":"wp","href":"https:\/\/api.w.org\/{rel}","templated":true}]}}